{"id":948,"date":"2024-03-08T18:16:21","date_gmt":"2024-03-09T00:16:21","guid":{"rendered":"https:\/\/www.maskottchen.com.mx\/shop\/?page_id=948"},"modified":"2024-03-25T19:27:37","modified_gmt":"2024-03-26T01:27:37","slug":"948-2","status":"publish","type":"page","link":"https:\/\/www.maskottchen.com.mx\/shop\/948-2\/","title":{"rendered":"\u00bf Eres criador ?"},"content":{"rendered":"\n<div class=\"wp-block-stackable-heading stk-block-heading stk-block-heading--v2 stk-block stk-2ea3a45\" id=\"eres-criador\" data-block-id=\"2ea3a45\"><style>.stk-2ea3a45 .stk-block-heading__text{font-size:82px !important;color:var(--theme-palette-color-3,#F5F6F5) !important;font-family:\"ADLaM Display\",Sans-serif !important}@media screen and (max-width:999px){.stk-2ea3a45 .stk-block-heading__text{font-size:50px !important}}<\/style><h1 class=\"stk-block-heading__text has-text-color has-text-align-center\">\u00bf Eres criador ?<\/h1><\/div>\n\n\n\n<div class=\"wp-block-stackable-text stk-block-text stk-block stk-4b2cb70\" data-block-id=\"4b2cb70\"><style>.stk-4b2cb70 .stk-block-text__text{font-size:20px !important;font-family:-apple-system,BlinkMacSystemFont,\"Segoe UI\",Roboto,Helvetica,Arial,sans-serif,\"Apple Color Emoji\",\"Segoe UI Emoji\",\"Segoe UI Symbol\" !important}@media screen and (max-width:999px){.stk-4b2cb70 .stk-block-text__text{font-size:20px !important}}<\/style><p class=\"stk-block-text__text\"> Tenemos un plan adecuado para ti. ! Contactamos\u00a1<\/p><\/div>\n\n\n<style id=\"wpforms-css-vars-958-block-8e980d64-7cf1-497c-ba13-24658fede424\">\n\t\t\t\t#wpforms-958.wpforms-block-8e980d64-7cf1-497c-ba13-24658fede424 {\n\t\t\t\t--wpforms-field-border-radius: 20px;\n--wpforms-button-border-radius: 20px;\n--wpforms-button-background-color: var(--theme-palette-color-1, #F48A30);\n\t\t\t}\n\t\t\t<\/style><div class=\"wpforms-container wpforms-container-full wpforms-block wpforms-block-8e980d64-7cf1-497c-ba13-24658fede424 wpforms-render-modern\" id=\"wpforms-958\"><form id=\"wpforms-form-958\" class=\"wpforms-validate wpforms-form wpforms-ajax-form\" data-formid=\"958\" method=\"post\" enctype=\"multipart\/form-data\" action=\"\/shop\/wp-json\/wp\/v2\/pages\/948\" data-token=\"f699d83d15cabee5deb96f3a8f4f16e1\" data-token-time=\"1776958258\"><noscript class=\"wpforms-error-noscript\">Por favor, activa JavaScript en tu navegador para completar este formulario.<\/noscript><div id=\"wpforms-error-noscript\" style=\"display: none;\">Por favor, activa JavaScript en tu navegador para completar este formulario.<\/div><div class=\"wpforms-field-container\"><div id=\"wpforms-958-field_0-container\" class=\"wpforms-field wpforms-field-name\" data-field-id=\"0\"><label class=\"wpforms-field-label\" for=\"wpforms-958-field_0\">Nombre <span class=\"wpforms-required-label\" aria-hidden=\"true\">*<\/span><\/label><input type=\"text\" id=\"wpforms-958-field_0\" class=\"wpforms-field-large wpforms-field-required\" name=\"wpforms[fields][0]\" aria-errormessage=\"wpforms-958-field_0-error\" required><\/div><div id=\"wpforms-958-field_1-container\" class=\"wpforms-field wpforms-field-email\" data-field-id=\"1\"><label class=\"wpforms-field-label\" for=\"wpforms-958-field_1\">Correo electr\u00f3nico <span class=\"wpforms-required-label\" aria-hidden=\"true\">*<\/span><\/label><input type=\"email\" id=\"wpforms-958-field_1\" class=\"wpforms-field-large wpforms-field-required\" name=\"wpforms[fields][1]\" spellcheck=\"false\" aria-errormessage=\"wpforms-958-field_1-error\" required><\/div><div id=\"wpforms-958-field_2-container\" class=\"wpforms-field wpforms-field-textarea\" data-field-id=\"2\"><label class=\"wpforms-field-label\" for=\"wpforms-958-field_2\">Comentario o mensaje<\/label><textarea id=\"wpforms-958-field_2\" class=\"wpforms-field-large\" name=\"wpforms[fields][2]\" aria-errormessage=\"wpforms-958-field_2-error\" ><\/textarea><\/div><\/div><!-- .wpforms-field-container --><div class=\"wpforms-submit-container\" ><input type=\"hidden\" name=\"wpforms[id]\" value=\"958\"><input type=\"hidden\" name=\"page_title\" value=\"\"><input type=\"hidden\" name=\"page_url\" value=\"https:\/\/www.maskottchen.com.mx\/shop\/wp-json\/wp\/v2\/pages\/948\"><input type=\"hidden\" name=\"url_referer\" value=\"\"><button type=\"submit\" name=\"wpforms[submit]\" id=\"wpforms-submit-958\" class=\"wpforms-submit\" data-alt-text=\"Enviando...\" data-submit-text=\"Enviar\" aria-live=\"assertive\" value=\"wpforms-submit\">Enviar<\/button><img loading=\"lazy\" decoding=\"async\" src=\"https:\/\/www.maskottchen.com.mx\/shop\/wp-content\/plugins\/wpforms-lite\/assets\/images\/submit-spin.svg\" class=\"wpforms-submit-spinner\" style=\"display: none;\" width=\"26\" height=\"26\" alt=\"Cargando\"><\/div><\/form><\/div>  <!-- .wpforms-container -->","protected":false},"excerpt":{"rendered":"<p>\u00bf Eres criador ? Tenemos un plan adecuado para ti. ! Contactamos\u00a1<\/p>\n","protected":false},"author":1,"featured_media":0,"parent":0,"menu_order":0,"comment_status":"closed","ping_status":"closed","template":"","meta":{"footnotes":""},"class_list":["post-948","page","type-page","status-publish","hentry"],"blocksy_meta":{"background":{"desktop":{"background_type":"image","background_pattern":"type-1","background_image":{"attachment_id":324,"x":0,"y":0,"url":"https:\/\/www.maskottchen.com.mx\/shop\/wp-content\/uploads\/2021\/12\/paw-pattern-2.svg"},"gradient":"linear-gradient(135deg,rgba(6,147,227,1) 0%,rgb(155,81,224) 100%)","background_repeat":"repeat","background_size":"auto","background_attachment":"scroll","patternColor":{"default":{"color":"#e5e7ea"}},"overlayColor":{"default":{"color":"CT_CSS_SKIP_RULE"}},"backgroundColor":{"default":{"color":"var(--theme-palette-color-2)"}}},"tablet":{"background_type":"image","background_pattern":"type-1","background_image":{"attachment_id":324,"x":0,"y":0,"url":"https:\/\/www.maskottchen.com.mx\/shop\/wp-content\/uploads\/2021\/12\/paw-pattern-2.svg"},"gradient":"linear-gradient(135deg,rgba(6,147,227,1) 0%,rgb(155,81,224) 100%)","background_repeat":"repeat","background_size":"auto","background_attachment":"scroll","patternColor":{"default":{"color":"#e5e7ea"}},"overlayColor":{"default":{"color":"CT_CSS_SKIP_RULE"}},"backgroundColor":{"default":{"color":"var(--theme-palette-color-2)"}}},"mobile":{"background_type":"image","background_pattern":"type-1","background_image":{"attachment_id":324,"x":0,"y":0,"url":"https:\/\/www.maskottchen.com.mx\/shop\/wp-content\/uploads\/2021\/12\/paw-pattern-2.svg"},"gradient":"linear-gradient(135deg,rgba(6,147,227,1) 0%,rgb(155,81,224) 100%)","background_repeat":"repeat","background_size":"auto","background_attachment":"scroll","patternColor":{"default":{"color":"#e5e7ea"}},"overlayColor":{"default":{"color":"CT_CSS_SKIP_RULE"}},"backgroundColor":{"default":{"color":"var(--theme-palette-color-2)"}}}},"styles_descriptor":{"styles":{"desktop":"[data-prefix=\"single_page\"] {background-position:0% 0%;background-color:var(--theme-palette-color-2);background-image:url(https:\/\/www.maskottchen.com.mx\/shop\/wp-content\/uploads\/2021\/12\/paw-pattern-2.svg);}","tablet":"","mobile":""},"google_fonts":[],"version":6}},"yoast_head":"<!-- This site is optimized with the Yoast SEO plugin v27.2 - https:\/\/yoast.com\/product\/yoast-seo-wordpress\/ -->\n<title>\u00bf Eres criador ? &#187; Maskottchen<\/title>\n<meta name=\"robots\" content=\"index, follow, max-snippet:-1, max-image-preview:large, max-video-preview:-1\" \/>\n<link rel=\"canonical\" href=\"https:\/\/www.maskottchen.com.mx\/shop\/948-2\/\" \/>\n<meta property=\"og:locale\" content=\"es_ES\" \/>\n<meta property=\"og:type\" content=\"article\" \/>\n<meta property=\"og:title\" content=\"\u00bf Eres criador ? &#187; Maskottchen\" \/>\n<meta property=\"og:description\" content=\"\u00bf Eres criador ? Tenemos un plan adecuado para ti. ! Contactamos\u00a1\" \/>\n<meta property=\"og:url\" content=\"https:\/\/www.maskottchen.com.mx\/shop\/948-2\/\" \/>\n<meta property=\"og:site_name\" content=\"Maskottchen\" \/>\n<meta property=\"article:publisher\" content=\"https:\/\/www.facebook.com\/MaskottchenMx\/?locale=es_LA\" \/>\n<meta property=\"article:modified_time\" content=\"2024-03-26T01:27:37+00:00\" \/>\n<meta property=\"og:image\" content=\"https:\/\/www.maskottchen.com.mx\/shop\/wp-content\/uploads\/2024\/03\/cropped-Diseno-sin-titulo.png\" \/>\n\t<meta property=\"og:image:width\" content=\"512\" \/>\n\t<meta property=\"og:image:height\" content=\"512\" \/>\n\t<meta property=\"og:image:type\" content=\"image\/png\" \/>\n<meta name=\"twitter:card\" content=\"summary_large_image\" \/>\n<meta name=\"twitter:label1\" content=\"Tiempo de lectura\" \/>\n\t<meta name=\"twitter:data1\" content=\"1 minuto\" \/>\n<script type=\"application\/ld+json\" class=\"yoast-schema-graph\">{\"@context\":\"https:\/\/schema.org\",\"@graph\":[{\"@type\":\"WebPage\",\"@id\":\"https:\/\/www.maskottchen.com.mx\/shop\/948-2\/\",\"url\":\"https:\/\/www.maskottchen.com.mx\/shop\/948-2\/\",\"name\":\"\u00bf Eres criador ? &#187; Maskottchen\",\"isPartOf\":{\"@id\":\"https:\/\/www.maskottchen.com.mx\/shop\/#website\"},\"datePublished\":\"2024-03-09T00:16:21+00:00\",\"dateModified\":\"2024-03-26T01:27:37+00:00\",\"breadcrumb\":{\"@id\":\"https:\/\/www.maskottchen.com.mx\/shop\/948-2\/#breadcrumb\"},\"inLanguage\":\"es\",\"potentialAction\":[{\"@type\":\"ReadAction\",\"target\":[\"https:\/\/www.maskottchen.com.mx\/shop\/948-2\/\"]}]},{\"@type\":\"BreadcrumbList\",\"@id\":\"https:\/\/www.maskottchen.com.mx\/shop\/948-2\/#breadcrumb\",\"itemListElement\":[{\"@type\":\"ListItem\",\"position\":1,\"name\":\"Portada\",\"item\":\"https:\/\/www.maskottchen.com.mx\/shop\/\"},{\"@type\":\"ListItem\",\"position\":2,\"name\":\"\u00bf Eres criador ?\"}]},{\"@type\":\"WebSite\",\"@id\":\"https:\/\/www.maskottchen.com.mx\/shop\/#website\",\"url\":\"https:\/\/www.maskottchen.com.mx\/shop\/\",\"name\":\"Maskottchen\",\"description\":\"Tienda de mascotas , Cl\u00ednica veterinaria y Est\u00e9tica Canina\",\"publisher\":{\"@id\":\"https:\/\/www.maskottchen.com.mx\/shop\/#organization\"},\"potentialAction\":[{\"@type\":\"SearchAction\",\"target\":{\"@type\":\"EntryPoint\",\"urlTemplate\":\"https:\/\/www.maskottchen.com.mx\/shop\/?s={search_term_string}\"},\"query-input\":{\"@type\":\"PropertyValueSpecification\",\"valueRequired\":true,\"valueName\":\"search_term_string\"}}],\"inLanguage\":\"es\"},{\"@type\":\"Organization\",\"@id\":\"https:\/\/www.maskottchen.com.mx\/shop\/#organization\",\"name\":\"Maskottchen\",\"url\":\"https:\/\/www.maskottchen.com.mx\/shop\/\",\"logo\":{\"@type\":\"ImageObject\",\"inLanguage\":\"es\",\"@id\":\"https:\/\/www.maskottchen.com.mx\/shop\/#\/schema\/logo\/image\/\",\"url\":\"https:\/\/www.maskottchen.com.mx\/shop\/wp-content\/uploads\/2024\/01\/logomaskottchencolores-2.png\",\"contentUrl\":\"https:\/\/www.maskottchen.com.mx\/shop\/wp-content\/uploads\/2024\/01\/logomaskottchencolores-2.png\",\"width\":283,\"height\":122,\"caption\":\"Maskottchen\"},\"image\":{\"@id\":\"https:\/\/www.maskottchen.com.mx\/shop\/#\/schema\/logo\/image\/\"},\"sameAs\":[\"https:\/\/www.facebook.com\/MaskottchenMx\/?locale=es_LA\"]}]}<\/script>\n<!-- \/ Yoast SEO plugin. -->","yoast_head_json":{"title":"\u00bf Eres criador ? &#187; Maskottchen","robots":{"index":"index","follow":"follow","max-snippet":"max-snippet:-1","max-image-preview":"max-image-preview:large","max-video-preview":"max-video-preview:-1"},"canonical":"https:\/\/www.maskottchen.com.mx\/shop\/948-2\/","og_locale":"es_ES","og_type":"article","og_title":"\u00bf Eres criador ? &#187; Maskottchen","og_description":"\u00bf Eres criador ? Tenemos un plan adecuado para ti. ! Contactamos\u00a1","og_url":"https:\/\/www.maskottchen.com.mx\/shop\/948-2\/","og_site_name":"Maskottchen","article_publisher":"https:\/\/www.facebook.com\/MaskottchenMx\/?locale=es_LA","article_modified_time":"2024-03-26T01:27:37+00:00","og_image":[{"width":512,"height":512,"url":"https:\/\/www.maskottchen.com.mx\/shop\/wp-content\/uploads\/2024\/03\/cropped-Diseno-sin-titulo.png","type":"image\/png"}],"twitter_card":"summary_large_image","twitter_misc":{"Tiempo de lectura":"1 minuto"},"schema":{"@context":"https:\/\/schema.org","@graph":[{"@type":"WebPage","@id":"https:\/\/www.maskottchen.com.mx\/shop\/948-2\/","url":"https:\/\/www.maskottchen.com.mx\/shop\/948-2\/","name":"\u00bf Eres criador ? &#187; Maskottchen","isPartOf":{"@id":"https:\/\/www.maskottchen.com.mx\/shop\/#website"},"datePublished":"2024-03-09T00:16:21+00:00","dateModified":"2024-03-26T01:27:37+00:00","breadcrumb":{"@id":"https:\/\/www.maskottchen.com.mx\/shop\/948-2\/#breadcrumb"},"inLanguage":"es","potentialAction":[{"@type":"ReadAction","target":["https:\/\/www.maskottchen.com.mx\/shop\/948-2\/"]}]},{"@type":"BreadcrumbList","@id":"https:\/\/www.maskottchen.com.mx\/shop\/948-2\/#breadcrumb","itemListElement":[{"@type":"ListItem","position":1,"name":"Portada","item":"https:\/\/www.maskottchen.com.mx\/shop\/"},{"@type":"ListItem","position":2,"name":"\u00bf Eres criador ?"}]},{"@type":"WebSite","@id":"https:\/\/www.maskottchen.com.mx\/shop\/#website","url":"https:\/\/www.maskottchen.com.mx\/shop\/","name":"Maskottchen","description":"Tienda de mascotas , Cl\u00ednica veterinaria y Est\u00e9tica Canina","publisher":{"@id":"https:\/\/www.maskottchen.com.mx\/shop\/#organization"},"potentialAction":[{"@type":"SearchAction","target":{"@type":"EntryPoint","urlTemplate":"https:\/\/www.maskottchen.com.mx\/shop\/?s={search_term_string}"},"query-input":{"@type":"PropertyValueSpecification","valueRequired":true,"valueName":"search_term_string"}}],"inLanguage":"es"},{"@type":"Organization","@id":"https:\/\/www.maskottchen.com.mx\/shop\/#organization","name":"Maskottchen","url":"https:\/\/www.maskottchen.com.mx\/shop\/","logo":{"@type":"ImageObject","inLanguage":"es","@id":"https:\/\/www.maskottchen.com.mx\/shop\/#\/schema\/logo\/image\/","url":"https:\/\/www.maskottchen.com.mx\/shop\/wp-content\/uploads\/2024\/01\/logomaskottchencolores-2.png","contentUrl":"https:\/\/www.maskottchen.com.mx\/shop\/wp-content\/uploads\/2024\/01\/logomaskottchencolores-2.png","width":283,"height":122,"caption":"Maskottchen"},"image":{"@id":"https:\/\/www.maskottchen.com.mx\/shop\/#\/schema\/logo\/image\/"},"sameAs":["https:\/\/www.facebook.com\/MaskottchenMx\/?locale=es_LA"]}]}},"featured_image_src":null,"featured_image_src_square":null,"jetpack-related-posts":[{"id":608,"url":"https:\/\/www.maskottchen.com.mx\/shop\/clinica\/","url_meta":{"origin":948,"position":0},"title":"Cl\u00ednica","author":"Capi","date":"8 de enero de 2024","format":false,"excerpt":"Cl\u00ednica Veterinaria. En Maskottchen, la precisi\u00f3n y la oportunidad son nuestros pilares fundamentales. Nos enorgullece ser l\u00edderes en diagn\u00f3sticos veterinarios, respaldados por un equipo altamente especializado y tecnolog\u00eda de vanguardia. Somos el laboratorio de referencia tanto para casos internos de nuestros clientes como para casos recomendados por colegas veterinarios externos.Nuestra\u2026","rel":"","context":"Entrada similar","block_context":{"text":"Entrada similar","link":""},"img":{"alt_text":"","src":"https:\/\/i0.wp.com\/www.maskottchen.com.mx\/shop\/wp-content\/uploads\/2024\/10\/1.jpg?resize=350%2C200&ssl=1","width":350,"height":200,"srcset":"https:\/\/i0.wp.com\/www.maskottchen.com.mx\/shop\/wp-content\/uploads\/2024\/10\/1.jpg?resize=350%2C200&ssl=1 1x, https:\/\/i0.wp.com\/www.maskottchen.com.mx\/shop\/wp-content\/uploads\/2024\/10\/1.jpg?resize=525%2C300&ssl=1 1.5x, https:\/\/i0.wp.com\/www.maskottchen.com.mx\/shop\/wp-content\/uploads\/2024\/10\/1.jpg?resize=700%2C400&ssl=1 2x"},"classes":[]},{"id":581,"url":"https:\/\/www.maskottchen.com.mx\/shop\/about-us\/","url_meta":{"origin":948,"position":1},"title":"\u00bfQui\u00e9nes Somos?","author":"Capi","date":"30 de noviembre de 2021","format":false,"excerpt":"\u00bfQui\u00e9nes Somos? 20+ A\u00f1os en el mercado. 100k+ Mascotas felices. Misi\u00f3n Fomentar el amor por las mascotas orientando a trav\u00e9s de soluciones, productos y servicios a sus due\u00f1os, maximizando el potencial de nuestros colaboradores, generando un grato ambiente de trabajo y rentabilidad para sus familias, los accionistas y los proveedores.\u2026","rel":"","context":"Entrada similar","block_context":{"text":"Entrada similar","link":""},"img":{"alt_text":"","src":"https:\/\/i0.wp.com\/www.maskottchen.com.mx\/shop\/wp-content\/uploads\/2021\/12\/about-us-hero-pets_optimized.webp?resize=350%2C200&ssl=1","width":350,"height":200,"srcset":"https:\/\/i0.wp.com\/www.maskottchen.com.mx\/shop\/wp-content\/uploads\/2021\/12\/about-us-hero-pets_optimized.webp?resize=350%2C200&ssl=1 1x, https:\/\/i0.wp.com\/www.maskottchen.com.mx\/shop\/wp-content\/uploads\/2021\/12\/about-us-hero-pets_optimized.webp?resize=525%2C300&ssl=1 1.5x, https:\/\/i0.wp.com\/www.maskottchen.com.mx\/shop\/wp-content\/uploads\/2021\/12\/about-us-hero-pets_optimized.webp?resize=700%2C400&ssl=1 2x, https:\/\/i0.wp.com\/www.maskottchen.com.mx\/shop\/wp-content\/uploads\/2021\/12\/about-us-hero-pets_optimized.webp?resize=1050%2C600&ssl=1 3x, https:\/\/i0.wp.com\/www.maskottchen.com.mx\/shop\/wp-content\/uploads\/2021\/12\/about-us-hero-pets_optimized.webp?resize=1400%2C800&ssl=1 4x"},"classes":[]},{"id":467,"url":"https:\/\/www.maskottchen.com.mx\/shop\/","url_meta":{"origin":948,"position":2},"title":"Inicio","author":"Capi","date":"30 de noviembre de 2021","format":false,"excerpt":"El mejor lugar para tu mascota Tienda especializada en mascotas, accesorios, servicios veterinarios, alimentos y mucho m\u00e1s. Estamos localizados en Zapopan y Guadalajara, Jalisco, M\u00e9xico. Saber mas.... Bienvenidos a Maskottchen. Con m\u00e1s de 15 a\u00f1os de experiencia, nuestro equipo es como una familia dedicada a mejorar la calidad de vida\u2026","rel":"","context":"Entrada similar","block_context":{"text":"Entrada similar","link":""},"img":{"alt_text":"","src":"https:\/\/i0.wp.com\/www.maskottchen.com.mx\/shop\/wp-content\/uploads\/2024\/10\/WhatsApp-Image-2024-10-28-at-7.27.47-PM.jpeg?resize=350%2C200&ssl=1","width":350,"height":200,"srcset":"https:\/\/i0.wp.com\/www.maskottchen.com.mx\/shop\/wp-content\/uploads\/2024\/10\/WhatsApp-Image-2024-10-28-at-7.27.47-PM.jpeg?resize=350%2C200&ssl=1 1x, https:\/\/i0.wp.com\/www.maskottchen.com.mx\/shop\/wp-content\/uploads\/2024\/10\/WhatsApp-Image-2024-10-28-at-7.27.47-PM.jpeg?resize=525%2C300&ssl=1 1.5x, https:\/\/i0.wp.com\/www.maskottchen.com.mx\/shop\/wp-content\/uploads\/2024\/10\/WhatsApp-Image-2024-10-28-at-7.27.47-PM.jpeg?resize=700%2C400&ssl=1 2x, https:\/\/i0.wp.com\/www.maskottchen.com.mx\/shop\/wp-content\/uploads\/2024\/10\/WhatsApp-Image-2024-10-28-at-7.27.47-PM.jpeg?resize=1050%2C600&ssl=1 3x"},"classes":[]},{"id":3,"url":"https:\/\/www.maskottchen.com.mx\/shop\/politica-privacidad\/","url_meta":{"origin":948,"position":3},"title":"Pol\u00edtica de privacidad.","author":"Capi","date":"8 de enero de 2024","format":false,"excerpt":"Maskottchen respeta su privacidad y se compromete a protegerla mediante el cumplimiento de esta pol\u00edtica. Esta pol\u00edtica describe las pr\u00e1cticas de privacidad de https:\/\/www.maskottchen.com.mx\/ con respecto a la recopilaci\u00f3n, el uso y la divulgaci\u00f3n de la informaci\u00f3n personal que recibimos de los usuarios del sitio. Recopilaci\u00f3n y Uso de la\u2026","rel":"","context":"Entrada similar","block_context":{"text":"Entrada similar","link":""},"img":{"alt_text":"","src":"","width":0,"height":0},"classes":[]},{"id":65,"url":"https:\/\/www.maskottchen.com.mx\/shop\/cart\/","url_meta":{"origin":948,"position":4},"title":"Aves","author":"Capi","date":"30 de noviembre de 2021","format":false,"excerpt":"Alimento Explora nuestra selecci\u00f3n de alimentos de alta calidad para aves, dise\u00f1ados para satisfacer las necesidades nutricionales espec\u00edficas de tus compa\u00f1eros emplumados. Desde semillas y pellets hasta mezclas gourmet y golosinas saludables, ofrecemos una variedad de opciones nutritivas y deliciosas para aves de todas las especies y tama\u00f1os. JuguetesT\u00f3nicosJaulas &\u2026","rel":"","context":"Entrada similar","block_context":{"text":"Entrada similar","link":""},"img":{"alt_text":"","src":"https:\/\/i0.wp.com\/www.maskottchen.com.mx\/shop\/wp-content\/uploads\/2024\/03\/Imagen-de-WhatsApp-2024-03-24-a-las-13.40.36_1a8cf386.jpg?resize=350%2C200&ssl=1","width":350,"height":200,"srcset":"https:\/\/i0.wp.com\/www.maskottchen.com.mx\/shop\/wp-content\/uploads\/2024\/03\/Imagen-de-WhatsApp-2024-03-24-a-las-13.40.36_1a8cf386.jpg?resize=350%2C200&ssl=1 1x, https:\/\/i0.wp.com\/www.maskottchen.com.mx\/shop\/wp-content\/uploads\/2024\/03\/Imagen-de-WhatsApp-2024-03-24-a-las-13.40.36_1a8cf386.jpg?resize=525%2C300&ssl=1 1.5x, https:\/\/i0.wp.com\/www.maskottchen.com.mx\/shop\/wp-content\/uploads\/2024\/03\/Imagen-de-WhatsApp-2024-03-24-a-las-13.40.36_1a8cf386.jpg?resize=700%2C400&ssl=1 2x, https:\/\/i0.wp.com\/www.maskottchen.com.mx\/shop\/wp-content\/uploads\/2024\/03\/Imagen-de-WhatsApp-2024-03-24-a-las-13.40.36_1a8cf386.jpg?resize=1050%2C600&ssl=1 3x"},"classes":[]},{"id":669,"url":"https:\/\/www.maskottchen.com.mx\/shop\/tienda\/","url_meta":{"origin":948,"position":5},"title":"Tienda","author":"Capi","date":"3 de febrero de 2024","format":false,"excerpt":"Conoce nuestra tienda. Tienda \u00a1Donde cada mascota encuentra su hogar! Productos para aves, roedores, acuarios, gatos y perros, \u00a1todo en un solo lugar! Perro Marcas de alimento, premios, accesorios etc.. Gato Marcas de alimento, premios, accesorios etc... Roedores Marcas de alimento, premios, accesorios etc.. Acuario Marcas de alimento, premios, accesorios\u2026","rel":"","context":"Entrada similar","block_context":{"text":"Entrada similar","link":""},"img":{"alt_text":"","src":"https:\/\/i0.wp.com\/www.maskottchen.com.mx\/shop\/wp-content\/uploads\/2024\/02\/1.jpg?resize=350%2C200&ssl=1","width":350,"height":200,"srcset":"https:\/\/i0.wp.com\/www.maskottchen.com.mx\/shop\/wp-content\/uploads\/2024\/02\/1.jpg?resize=350%2C200&ssl=1 1x, https:\/\/i0.wp.com\/www.maskottchen.com.mx\/shop\/wp-content\/uploads\/2024\/02\/1.jpg?resize=525%2C300&ssl=1 1.5x, https:\/\/i0.wp.com\/www.maskottchen.com.mx\/shop\/wp-content\/uploads\/2024\/02\/1.jpg?resize=700%2C400&ssl=1 2x"},"classes":[]}],"jetpack_sharing_enabled":true,"_links":{"self":[{"href":"https:\/\/www.maskottchen.com.mx\/shop\/wp-json\/wp\/v2\/pages\/948","targetHints":{"allow":["GET"]}}],"collection":[{"href":"https:\/\/www.maskottchen.com.mx\/shop\/wp-json\/wp\/v2\/pages"}],"about":[{"href":"https:\/\/www.maskottchen.com.mx\/shop\/wp-json\/wp\/v2\/types\/page"}],"author":[{"embeddable":true,"href":"https:\/\/www.maskottchen.com.mx\/shop\/wp-json\/wp\/v2\/users\/1"}],"replies":[{"embeddable":true,"href":"https:\/\/www.maskottchen.com.mx\/shop\/wp-json\/wp\/v2\/comments?post=948"}],"version-history":[{"count":16,"href":"https:\/\/www.maskottchen.com.mx\/shop\/wp-json\/wp\/v2\/pages\/948\/revisions"}],"predecessor-version":[{"id":1310,"href":"https:\/\/www.maskottchen.com.mx\/shop\/wp-json\/wp\/v2\/pages\/948\/revisions\/1310"}],"wp:attachment":[{"href":"https:\/\/www.maskottchen.com.mx\/shop\/wp-json\/wp\/v2\/media?parent=948"}],"curies":[{"name":"wp","href":"https:\/\/api.w.org\/{rel}","templated":true}]}}